{"id":5090,"date":"2020-03-12T13:35:40","date_gmt":"2020-03-12T12:35:40","guid":{"rendered":"https:\/\/warp3-agentur.com\/simagazin2020\/?page_id=5090"},"modified":"2020-10-09T07:10:57","modified_gmt":"2020-10-09T07:10:57","slug":"imprint","status":"publish","type":"page","link":"https:\/\/www.simagazin.com\/en\/imprint\/","title":{"rendered":"Imprint"},"content":{"rendered":"<div class=\"fusion-fullwidth fullwidth-box fusion-builder-row-1 gradient-container-1 nonhundred-percent-fullwidth non-hundred-percent-height-scrolling\" style=\"background-color: rgba(255,255,255,0);background-position: center center;background-repeat: no-repeat;padding-top:0px;padding-right:0px;padding-bottom:0px;padding-left:0px;margin-bottom: 0px;margin-top: 0px;border-width: 0px 0px 0px 0px;border-color:#e2e2e2;border-style:solid;\" ><div class=\"fusion-builder-row fusion-row\"><div class=\"fusion-layout-column fusion_builder_column fusion-builder-column-0 fusion_builder_column_1_1 1_1 fusion-one-full fusion-column-first fusion-column-last gradient-column-1\" style=\"margin-top:0px;margin-bottom:20px;\"><div class=\"fusion-column-wrapper fusion-flex-column-wrapper-legacy\" style=\"background-position:left top;background-repeat:no-repeat;-webkit-background-size:cover;-moz-background-size:cover;-o-background-size:cover;background-size:cover;padding: 0px 0px 0px 0px;\"><style type=\"text\/css\"><\/style><div class=\"fusion-title title fusion-title-1 fusion-sep-none fusion-title-center fusion-title-text fusion-title-size-one\" style=\"margin-top:0px;margin-bottom:25px;\"><h1 class=\"title-heading-center\" style=\"margin:0;\">IMPRESSUM<\/h1><\/div><div class=\"fusion-text fusion-text-1 category-description\"><p style=\"text-align: center;\"><strong>Verlag<\/strong><br \/>\nSeilbahnen International Verlag GmbH<br \/>\nStra\u00df 21, A-5301 Eugendorf\/Salzburg<br \/>\nTel.: +43 (0) 62 25 \/ 72 90<br \/>\nFax: +43 (0) 62 25 \/ 72 90-14<\/p>\n<p style=\"text-align: center;\">Internet: www.simagazin.com<br \/>\nAdministration: Office(at)simagazin.com<br \/>\nRedaktion: redaktion(at)simagazin.com<\/p>\n<p style=\"text-align: center;\"><strong>Herausgeber<\/strong><br \/>\nGerald Pichlmair<br \/>\nTel.: +43 (0) 62 25 \/ 72 90<br \/>\nE-Mail: gp(at)simagazin.com<\/p>\n<p style=\"text-align: center;\"><strong>Redaktion<\/strong><br \/>\nThomas Surrer (ts)<br \/>\nTel.: +43 (0) 62 25 \/ 72 90 -16<br \/>\nE-Mail: ts(at)simagazin.com<\/p>\n<p style=\"text-align: center;\">Tamara Mair &#8482;<br \/>\nTel.: +43 (0) 62 25 72 90 &#8211; 18<br \/>\nE-Mail: tm(at)simagazin.com<\/p>\n<p style=\"text-align: center;\"><strong>Administration<\/strong><br \/>\nSandra Rottner<br \/>\nTel.: +43 (0) 62 25 \/ 72 90<br \/>\nE-Mail: sr(at)simagazin.com<\/p>\n<p style=\"text-align: center;\"><strong>Vertrieb<\/strong><br \/>\nMarco Harner<br \/>\nTel.: +43 (0)664 \/ 21 80 489<br \/>\nE-Mail: mh(at)simagazin.com<\/p>\n<p style=\"text-align: center;\"><strong>Druck<\/strong><br \/>\nDruckerei Roser Ges.m.b.H. &amp; Co. KG,<br \/>\nMayrwiesstra\u00dfe 23, A-5300 Hallwang\/Salzburg<br \/>\nTel.: +43 (0) 662 \/ 66 17 37<\/p>\n<p style=\"text-align: center;\">Team-Fotos<br \/>\n\u00a9 www.evatrifft.com<\/p>\n<p style=\"text-align: center;\"><strong>Offenlegung laut Mediengesetz<\/strong><\/p>\n<p style=\"text-align: center;\">Seilbahnen International Verlag GmbH 92 %,<br \/>\nStra\u00df 21, A-5301 Eugendorf<\/p>\n<p style=\"text-align: center;\">Mag. Claudia Mantona 8 %<br \/>\nPeter-Rosegger-Str. 14, A-4910 Ried\/I.<\/p>\n<p style=\"text-align: center;\">\u201eSI SEILBAHNEN INTERNATIONAL\u201c ist eine internationale Fachzeitschrift f\u00fcr zukunftsorientierte Technologien und Management im berg- und wintertouristischen Bereich.<\/p>\n<p style=\"text-align: center;\"><strong>Haftung f\u00fcr Inhalte dieser Website<\/strong><\/p>\n<p style=\"text-align: center;\">Die Inhalte dieser Website wurden mit gr\u00f6\u00dftm\u00f6glicher Sorgfalt erstellt. F\u00fcr die Richtigkeit, Vollst\u00e4ndigkeit und Aktualit\u00e4t der Inhalte \u00fcbernehmen wir jedoch keine Gew\u00e4hr. Als Diensteanbieter sind wir f\u00fcr eigene Inhalte auf diesen Seiten nach den allgemeinen Gesetzen verantwortlich. Wir sind jedoch nicht verpflichtet, \u00fcbermittelte oder gespeicherte fremde Informationen zu \u00fcberwachen oder nach Umst\u00e4nden zu forschen, die auf eine rechtswidrige T\u00e4tigkeit hinweisen. Verpflichtungen zur Entfernung oder Sperrung der Nutzung von Informationen nach den allgemeinen Gesetzen bleiben hiervon unber\u00fchrt. Eine diesbez\u00fcgliche Haftung ist jedoch erst ab dem Zeitpunkt der Kenntnis einer konkreten Rechtsverletzung m\u00f6glich. Bei Bekanntwerden von entsprechenden Rechtsverletzungen werden wir diese Inhalte umgehen entfernen.<\/p>\n<p style=\"text-align: center;\"><strong>Haftung f\u00fcr Links auf Webseiten Dritter<\/strong><\/p>\n<p style=\"text-align: center;\">Unser Angebot enth\u00e4lt Links zu externen Websites. Auf den Inhalt dieser externen Webseiten haben wir keinerlei Einfluss. Deshalb k\u00f6nnen wir f\u00fcr diese fremden Inhalte auch keine Gew\u00e4hr \u00fcbernehmen. F\u00fcr die Inhalte der verlinkten Webseiten ist stets der jeweilige Anbieter oder Betreiber der Seiten verantwortlich. Die verlinkten Seiten wurden zum Zeitpunkt der Verlinkung auf m\u00f6gliche Rechtsverst\u00f6\u00dfe \u00fcberpr\u00fcft. Rechtswidrige Inhalte waren zum Zeitpunkt der Verlinkung nicht erkennbar. Eine permanente inhaltliche Kontrolle der verlinkten Seiten ist jedoch ohne konkrete Anhaltspunkte nicht zumutbar. Bei Bekanntwerden von Rechtsverletzungen werden wir derartige Links umgehend entfernen.<\/p>\n<p style=\"text-align: center;\"><strong>Abonnement-Preise<\/strong><\/p>\n<p style=\"text-align: center;\">\u00d6sterreich EUR 110,- brutto<br \/>\nSchweiz CHF 210,- netto<br \/>\nsonst. Ausland EUR 125,- netto<\/p>\n<\/div><div class=\"fusion-text fusion-text-2\"><p style=\"text-align: right;\"><a href=\"https:\/\/www.warp3.at\">website powered by warp3.at<\/a><\/p>\n<\/div><style type=\"text\/css\">.fusion-builder-row .fusion-layout-column.gradient-column-1 .fusion-column-wrapper:before {content: \"\"; position: absolute; width: 100%; height: 100%; top: 0; left: 0;z-index:-1;background: -webkit-gradient(linear, left top, right top, from(), to())!important;background: -webkit-linear-gradient(0deg, , )!important;background: -moz-linear-gradient(0deg, , )!important;background: -ms-linear-gradient(0deg, , )!important;background: -o-linear-gradient(0deg, , )!important;}<\/style><div class=\"fusion-clearfix\"><\/div><\/div><\/div><\/div><\/div>\n","protected":false},"excerpt":{"rendered":"","protected":false},"author":1,"featured_media":0,"parent":0,"menu_order":920,"comment_status":"closed","ping_status":"closed","template":"","meta":[],"_links":{"self":[{"href":"https:\/\/www.simagazin.com\/en\/wp-json\/wp\/v2\/pages\/5090"}],"collection":[{"href":"https:\/\/www.simagazin.com\/en\/wp-json\/wp\/v2\/pages"}],"about":[{"href":"https:\/\/www.simagazin.com\/en\/wp-json\/wp\/v2\/types\/page"}],"author":[{"embeddable":true,"href":"https:\/\/www.simagazin.com\/en\/wp-json\/wp\/v2\/users\/1"}],"replies":[{"embeddable":true,"href":"https:\/\/www.simagazin.com\/en\/wp-json\/wp\/v2\/comments?post=5090"}],"version-history":[{"count":4,"href":"https:\/\/www.simagazin.com\/en\/wp-json\/wp\/v2\/pages\/5090\/revisions"}],"predecessor-version":[{"id":8731,"href":"https:\/\/www.simagazin.com\/en\/wp-json\/wp\/v2\/pages\/5090\/revisions\/8731"}],"wp:attachment":[{"href":"https:\/\/www.simagazin.com\/en\/wp-json\/wp\/v2\/media?parent=5090"}],"curies":[{"name":"wp","href":"https:\/\/api.w.org\/{rel}","templated":true}]}}